{"id":142,"date":"2012-11-12T14:27:11","date_gmt":"2012-11-12T14:27:11","guid":{"rendered":"http:\/\/192.168.99.88\/mi\/?page_id=142"},"modified":"2013-07-19T12:39:43","modified_gmt":"2013-07-19T15:39:43","slug":"productos","status":"publish","type":"page","link":"https:\/\/www.magentainnova.com\/pt\/productos\/","title":{"rendered":"Produtos"},"content":{"rendered":"<p>Na Magenta Innova est\u00e1 desenvolvendo uma linha de produtos destinados a facilitar a realiza\u00e7\u00e3o de tarefas que requerem a nossa aten\u00e7\u00e3o e dedica\u00e7\u00e3o a cada dia.<\/p>\n<p>Contacte-nos para uma demonstra\u00e7\u00e3o do produto de interesse, e veja como evitar dores de cabe\u00e7a com solu\u00e7\u00f5es simples para todos.<\/p>\n<ul class=\"media-list productos\"><li class=\"media\"><a class=\"pull-left img-polaroid\" href=\"https:\/\/www.magentainnova.com\/pt\/productos-item\/online-banking\/\"><img loading=\"lazy\" decoding=\"async\" width=\"121\" height=\"69\" src=\"https:\/\/www.magentainnova.com\/pt\/files\/online_banking.png\" class=\"media-object wp-post-image\" alt=\"\"><\/a><div class=\"media-body\"><h4 class=\"media-heading\">ONLINE BANKING<\/h4><p>Web Bank permite implementar, em qualquer entidade financeira, os canais web e mobile de maneira segura, modular e extens\u00edvel.\r\n\r\nCom Web Bank, voc\u00ea poder\u00e1 reduzir os tempos, custos investidos em aten\u00e7\u00e3o a seus clientes, oferecendo a eles a possibilidade de realizar uma grande variedade de opera\u00e7\u00f5es desde a comodidade de seu lar ou escrit\u00f3rio, num sistema seguro e confi\u00e1vel. <a href=\"https:\/\/www.magentainnova.com\/pt\/productos-item\/online-banking\/\">Leia mais...<\/a><\/p><\/div><\/li><li class=\"media\"><a class=\"pull-left img-polaroid\" href=\"https:\/\/www.magentainnova.com\/pt\/productos-item\/crm\/\"><img loading=\"lazy\" decoding=\"async\" width=\"110\" height=\"84\" src=\"https:\/\/www.magentainnova.com\/pt\/files\/crm2.png\" class=\"media-object wp-post-image\" alt=\"\"><\/a><div class=\"media-body\"><h4 class=\"media-heading\">CRM<\/h4><p>Em Magenta Innova desenvolvemos um engenhoso enfoque para levar as probabilidades de fracasso ao m\u00ednimo. Dois de nossos principais clientes despositaram sua confian\u00e7a neste sistema e a implanta\u00e7\u00e3o convirtiou-se num sucesso total entre os usu\u00e1rios, assim como num processo revolucion\u00e1rio na cultura organizacional destas empresas.\r\n <a href=\"https:\/\/www.magentainnova.com\/pt\/productos-item\/crm\/\">Leia mais...<\/a><\/p><\/div><\/li><li class=\"media\"><a class=\"pull-left img-polaroid\" href=\"https:\/\/www.magentainnova.com\/pt\/productos-item\/angel\/\"><img loading=\"lazy\" decoding=\"async\" width=\"135\" height=\"84\" src=\"https:\/\/www.magentainnova.com\/pt\/files\/angel.png\" class=\"media-object wp-post-image\" alt=\"\"><\/a><div class=\"media-body\"><h4 class=\"media-heading\">ANGEL<\/h4><p>J\u00e1 imaginou negligenciar o status de todos os seus sistemas? Assim que ele age diante de voc\u00eas apenas em casos excepcionais, e n\u00e3o um monitoramento permanente.\r\n <a href=\"https:\/\/www.magentainnova.com\/pt\/productos-item\/angel\/\">Leia mais...<\/a><\/p><\/div><\/li><\/ul>\n","protected":false},"excerpt":{"rendered":"<p>Na Magenta Innova est\u00e1 desenvolvendo uma linha de produtos destinados a facilitar a realiza\u00e7\u00e3o de tarefas que requerem a nossa aten\u00e7\u00e3o e dedica\u00e7\u00e3o a cada dia. Contacte-nos para uma demonstra\u00e7\u00e3o do produto de interesse, e veja como evitar dores de &hellip; <a href=\"https:\/\/www.magentainnova.com\/pt\/productos\/\">Continua<\/a><\/p>\n","protected":false},"author":1,"featured_media":0,"parent":0,"menu_order":8,"comment_status":"open","ping_status":"closed","template":"","meta":{"footnotes":""},"class_list":["post-142","page","type-page","status-publish","hentry"],"_links":{"self":[{"href":"https:\/\/www.magentainnova.com\/pt\/wp-json\/wp\/v2\/pages\/142","targetHints":{"allow":["GET"]}}],"collection":[{"href":"https:\/\/www.magentainnova.com\/pt\/wp-json\/wp\/v2\/pages"}],"about":[{"href":"https:\/\/www.magentainnova.com\/pt\/wp-json\/wp\/v2\/types\/page"}],"author":[{"embeddable":true,"href":"https:\/\/www.magentainnova.com\/pt\/wp-json\/wp\/v2\/users\/1"}],"replies":[{"embeddable":true,"href":"https:\/\/www.magentainnova.com\/pt\/wp-json\/wp\/v2\/comments?post=142"}],"version-history":[{"count":14,"href":"https:\/\/www.magentainnova.com\/pt\/wp-json\/wp\/v2\/pages\/142\/revisions"}],"predecessor-version":[{"id":398,"href":"https:\/\/www.magentainnova.com\/pt\/wp-json\/wp\/v2\/pages\/142\/revisions\/398"}],"wp:attachment":[{"href":"https:\/\/www.magentainnova.com\/pt\/wp-json\/wp\/v2\/media?parent=142"}],"curies":[{"name":"wp","href":"https:\/\/api.w.org\/{rel}","templated":true}]}}