{"id":149,"date":"2012-11-12T14:28:19","date_gmt":"2012-11-12T14:28:19","guid":{"rendered":"http:\/\/192.168.99.88\/mi\/?page_id=149"},"modified":"2013-08-12T15:26:40","modified_gmt":"2013-08-12T18:26:40","slug":"oportunidades","status":"publish","type":"page","link":"https:\/\/www.magentainnova.com\/pt\/oportunidades\/","title":{"rendered":"Oportunidades"},"content":{"rendered":"<p class=\"content\">\nNesta se\u00e7\u00e3o, voc\u00ea poder\u00e1 conhecer as vagas que oferecemos a profissionais na \u00e1rea das tecnologias da informa\u00e7\u00e3o e encaminhar-nos seu curr\u00edculo, diretamente, via Internet.\n<\/p>\n<p class=\"content\">\n\u00c9 uma oportunidade \u00fanica para trabalhar em uma empresa em pleno crescimento, cujo objetivo \u00e9 oferecer solu\u00e7\u00f5es e servi\u00e7os no mercado das TIs para clientes de qualquer lugar do mundo.\n<\/p>\n<p>Neste momento precisamos de:<br \/>\n<b>Desenvolvedores Web Java e\/ou PHP<\/b><br \/>\n<i>Detalhe da vaga oferecida: <\/i><\/p>\n<ul style=\"list-style-position: inside; padding-left: 25px; margin: 0px;\">\n<li>Desenvolvedor S\u00eanior para projetos de software em tecnologias Java e\/ou .net<\/li>\n<li>40 horas semanais, de segunda a sexta<\/li>\n<\/ul>\n<p><i>Requisitos para os candidatos: <\/i><\/p>\n<ul style=\"list-style-position: inside; padding-left: 25px; margin: 0px;\">\n<li>Engenheiros em Computa\u00e7\u00e3o ou estudantes avan\u00e7ados com alguma das seguintes caracter\u00edsticas:\n<ul style=\"list-style-position: inside; padding-left: 25px; margin: 0px;\">\n<li>Experi\u00eancia no desenvolvimento de projetos Web baseados na plataforma J2EE, Java, XML, Javascript, HTML, JSP, Struts, Tomcat, CVS<\/li>\n<\/ul>\n<p>&nbsp;&nbsp;&nbsp;&nbsp;e\/ou<\/p>\n<ul style=\"list-style-position: inside; padding-left: 25px; margin: 0px;\">\n<li>Experi\u00eancia no desenvolvimento de projetos Web baseados na plataforma PHP, Yii, Zend, e\/ou Cake<\/li>\n<li>De prefer\u00eancia, com dom\u00ednio da l\u00edngua inglesa.<\/li>\n<\/ul>\n<\/li>\n<\/ul>\n<p>Os interessados podem encaminhar seu curriculum vitae, junto com sua escolaridade e suas aspira\u00e7\u00f5es salariais a: <a href=\"mailto:rrhh@magentainnova.com\" class=\"linkSobreFondoBlanco\">rrhh@magentainnova.com<\/a><\/p>\n","protected":false},"excerpt":{"rendered":"<p>Nesta se\u00e7\u00e3o, voc\u00ea poder\u00e1 conhecer as vagas que oferecemos a profissionais na \u00e1rea das tecnologias da informa\u00e7\u00e3o e encaminhar-nos seu curr\u00edculo, diretamente, via Internet. \u00c9 uma oportunidade \u00fanica para trabalhar em uma empresa em pleno crescimento, cujo objetivo \u00e9 oferecer &hellip; <a href=\"https:\/\/www.magentainnova.com\/pt\/oportunidades\/\">Continua<\/a><\/p>\n","protected":false},"author":1,"featured_media":0,"parent":0,"menu_order":10,"comment_status":"open","ping_status":"closed","template":"","meta":{"footnotes":""},"class_list":["post-149","page","type-page","status-publish","hentry"],"_links":{"self":[{"href":"https:\/\/www.magentainnova.com\/pt\/wp-json\/wp\/v2\/pages\/149","targetHints":{"allow":["GET"]}}],"collection":[{"href":"https:\/\/www.magentainnova.com\/pt\/wp-json\/wp\/v2\/pages"}],"about":[{"href":"https:\/\/www.magentainnova.com\/pt\/wp-json\/wp\/v2\/types\/page"}],"author":[{"embeddable":true,"href":"https:\/\/www.magentainnova.com\/pt\/wp-json\/wp\/v2\/users\/1"}],"replies":[{"embeddable":true,"href":"https:\/\/www.magentainnova.com\/pt\/wp-json\/wp\/v2\/comments?post=149"}],"version-history":[{"count":15,"href":"https:\/\/www.magentainnova.com\/pt\/wp-json\/wp\/v2\/pages\/149\/revisions"}],"predecessor-version":[{"id":409,"href":"https:\/\/www.magentainnova.com\/pt\/wp-json\/wp\/v2\/pages\/149\/revisions\/409"}],"wp:attachment":[{"href":"https:\/\/www.magentainnova.com\/pt\/wp-json\/wp\/v2\/media?parent=149"}],"curies":[{"name":"wp","href":"https:\/\/api.w.org\/{rel}","templated":true}]}}