{"id":153,"date":"2012-11-12T14:28:39","date_gmt":"2012-11-12T14:28:39","guid":{"rendered":"http:\/\/192.168.99.88\/mi\/?page_id=153"},"modified":"2013-07-19T10:13:11","modified_gmt":"2013-07-19T13:13:11","slug":"empresa","status":"publish","type":"page","link":"https:\/\/www.magentainnova.com\/pt\/empresa\/","title":{"rendered":"Empresa"},"content":{"rendered":"<p class=\"content\">\nA <b>Magenta Innova<\/b> \u00e9 uma empresa de tecnologia, sediada em Montevid\u00e9u, no Uruguai, pa\u00eds l\u00edder na Am\u00e9rica Latina em mat\u00e9ria de exporta\u00e7\u00e3o de software e de servi\u00e7os de TI e, tamb\u00e9m, conhecido pelo alto n\u00edvel educacional de sua popula\u00e7\u00e3o e por ser um dos poucos pa\u00edses do mundo que conta com uma rede telef\u00f4nica 100% digital.\n<\/p>\n<p class=\"content\">\nNossa equipe de trabalho \u00e9 formada por profissionais altamente capacitados nas \u00faltimas tecnologias, com vasta experi\u00eancia nos \u00e2mbitos profissionais. Gra\u00e7as a isso, estamos em dia e trabalhamos com os \u00faltimos avan\u00e7os no campo da gest\u00e3o de projetos tecnol\u00f3gicos..<br \/>\n&lt;br\/\n<\/p>\n<p class=\"content\">\nNossos Engenheiros em Computa\u00e7\u00e3o t\u00eam mais de tr\u00eas anos de experi\u00eancia em aplicativos banc\u00e1rios e mais de cinco anos de experi\u00eancia no desenvolvimento de aplicativos web e de desktop, principalmente utilizando tecnologias <b>Java,<\/b><strong>\u00a0PHP &amp;<\/strong>\u00a0<b>.net<\/b>. Tamb\u00e9m t\u00eam vasta experi\u00eancia e conhecimentos por sua participa\u00e7\u00e3o em importantes projetos que envolvem:\n<\/p>\n<table>\n<tbody>\n<tr>\n<td>\n<ul>\n<li>Aplicativos Financeiros: Online Banking<\/li>\n<li>Aplicativos Financeiros: CRM<\/li>\n<li>Aplicativos SIG (Sistemas de Informa\u00e7\u00e3o Geogr\u00e1ficos)<\/li>\n<li>Sistemas de rastreamento de frota<\/li>\n<li>Sistemas de suporte \u00e0 Log\u00edstica de Distribui\u00e7\u00e3o e Coleta.<\/li>\n<li>Intranet \/ Internet<\/li>\n<\/ul>\n<p>Tecnolog\u00edas utilizadas en estos proyectos:<\/td>\n<\/tr>\n<tr>\n<td>\n<table>\n<tbody>\n<tr>\n<td>\n<ul>\n<li>Java\n<ul>\n<li>Java Server Pages<\/li>\n<li>Spring<\/li>\n<li>Struts 1 y 2<\/li>\n<li>Tiles<\/li>\n<li>JDBC<\/li>\n<\/ul>\n<\/li>\n<li>PHP, Yii, Zend Framework, Cake, e mais &#8230;<\/li>\n<li>Microsoft .net (C#, VB.net)\n<ul>\n<li>ADO.net<\/li>\n<li>ASP.net<\/li>\n<li>.net Framework<\/li>\n<\/ul>\n<\/li>\n<\/ul>\n<\/td>\n<td>\n<ul>\n<li>MySQL<\/li>\n<li>Microsoft SQL Server<\/li>\n<li>Oracle<\/li>\n<li>Internet Information Server<\/li>\n<li>Apache Tomcat<\/li>\n<li>Visual C\/C++<\/li>\n<li>Lotus Notes<\/li>\n<li>iPlanet UDS<\/li>\n<li>ESRI (Map Objects)<\/li>\n<li>ArcMap<\/li>\n<li>ArcObjects<\/li>\n<\/ul>\n<\/td>\n<\/tr>\n<\/tbody>\n<\/table>\n<\/td>\n<\/tr>\n<\/tbody>\n<\/table>\n","protected":false},"excerpt":{"rendered":"<p>A Magenta Innova \u00e9 uma empresa de tecnologia, sediada em Montevid\u00e9u, no Uruguai, pa\u00eds l\u00edder na Am\u00e9rica Latina em mat\u00e9ria de exporta\u00e7\u00e3o de software e de servi\u00e7os de TI e, tamb\u00e9m, conhecido pelo alto n\u00edvel educacional de sua popula\u00e7\u00e3o e &hellip; <a href=\"https:\/\/www.magentainnova.com\/pt\/empresa\/\">Continua<\/a><\/p>\n","protected":false},"author":1,"featured_media":0,"parent":0,"menu_order":6,"comment_status":"open","ping_status":"closed","template":"","meta":{"footnotes":""},"class_list":["post-153","page","type-page","status-publish","hentry"],"_links":{"self":[{"href":"https:\/\/www.magentainnova.com\/pt\/wp-json\/wp\/v2\/pages\/153","targetHints":{"allow":["GET"]}}],"collection":[{"href":"https:\/\/www.magentainnova.com\/pt\/wp-json\/wp\/v2\/pages"}],"about":[{"href":"https:\/\/www.magentainnova.com\/pt\/wp-json\/wp\/v2\/types\/page"}],"author":[{"embeddable":true,"href":"https:\/\/www.magentainnova.com\/pt\/wp-json\/wp\/v2\/users\/1"}],"replies":[{"embeddable":true,"href":"https:\/\/www.magentainnova.com\/pt\/wp-json\/wp\/v2\/comments?post=153"}],"version-history":[{"count":16,"href":"https:\/\/www.magentainnova.com\/pt\/wp-json\/wp\/v2\/pages\/153\/revisions"}],"predecessor-version":[{"id":393,"href":"https:\/\/www.magentainnova.com\/pt\/wp-json\/wp\/v2\/pages\/153\/revisions\/393"}],"wp:attachment":[{"href":"https:\/\/www.magentainnova.com\/pt\/wp-json\/wp\/v2\/media?parent=153"}],"curies":[{"name":"wp","href":"https:\/\/api.w.org\/{rel}","templated":true}]}}