{"id":213,"date":"2012-11-13T14:07:04","date_gmt":"2012-11-13T14:07:04","guid":{"rendered":"http:\/\/192.168.99.88\/mi\/?page_id=213"},"modified":"2014-04-09T15:54:05","modified_gmt":"2014-04-09T18:54:05","slug":"terminos","status":"publish","type":"page","link":"https:\/\/www.magentainnova.com\/pt\/terminos\/","title":{"rendered":"Termos de Servi\u00e7o"},"content":{"rendered":"<p><strong>Magenta Innova Termos de Servi\u00e7o ( Contrato &#8220;)<\/strong><\/p>\n<p>Este acordo foi modificada pela \u00faltima vez em 09 de abril de 2014 , conforme alterada.<\/p>\n<p>Por favor, leia os Termos de Servi\u00e7o (&#8220;Contrato &#8220;, &#8221; Termos de Servi\u00e7o&#8221;) cuidadosamente antes de usar http:\/\/www.magentainnova.com ( &#8220;Site&#8221;) operado pela Magenta Innova SRL ( &#8220;N\u00f3s &#8221; , ou &#8221; nosso &#8220;) . O presente acordo estabelece os termos e condi\u00e7\u00f5es legalmente vinculativos para a utiliza\u00e7\u00e3o do site na http:\/\/www.magentainnova.com .<\/p>\n<p>Ao acessar ou utilizar o Site de qualquer forma, incluindo , mas n\u00e3o limitado a , visitando , ou navegar na Web ou contribuir com conte\u00fado ou outros materiais no Site, voc\u00ea concorda em ficar vinculado por estes Termos de Servi\u00e7o.<\/p>\n<p><strong>Propriedade intelectual<\/strong><\/p>\n<p>O site e seu conte\u00fado original , recursos e funcionalidades s\u00e3o de propriedade de Magenta Innova SRL e s\u00e3o protegidos por direitos autorais internacionais , marcas, patentes, segredos comerciais e outros direitos de propriedade intelectual ou leis de direitos de propriedade .<\/p>\n<p><strong>Rescis\u00e3o<\/strong><\/p>\n<p>Podemos terminar o seu acesso ao site , sem justa causa ou aviso pr\u00e9vio , o que pode resultar na perda e destrui\u00e7\u00e3o de toda a informa\u00e7\u00e3o associada com voc\u00ea. Todas as disposi\u00e7\u00f5es do presente Acordo, que por sua natureza devem sobreviver ao t\u00e9rmino , continuam a estar dispon\u00edveis, incluindo, sem limita\u00e7\u00e3o , as disposi\u00e7\u00f5es de propriedade, isen\u00e7\u00f5es de garantia , indeniza\u00e7\u00e3o e limita\u00e7\u00f5es de responsabilidade .<\/p>\n<p><strong>Links para outros sites<\/strong><br \/>\nNosso site pode conter links para sites de terceiros que n\u00e3o pertencem ou s\u00e3o controladas pela Magenta Innova SRL .<\/p>\n<p>Magenta Innova s.r.l. n\u00e3o tem controle e n\u00e3o assume nenhuma responsabilidade pelo conte\u00fado , pol\u00edticas de privacidade ou pr\u00e1ticas de qualquer site ou servi\u00e7o de terceiros. N\u00f3s recomendamos fortemente que voc\u00ea leia os termos e condi\u00e7\u00f5es e pol\u00edtica de privacidade de qualquer site de terceiros que voc\u00ea visita.<\/p>\n<p><strong>Lei aplic\u00e1vel<\/strong><br \/>\nEste acordo (e quaisquer outras regras, pol\u00edticas ou diretrizes incorporadas por refer\u00eancia) ser\u00e3o regidos e interpretados de acordo com as leis do Uruguai, sem dar efeito a quaisquer princ\u00edpios de conflitos de leis.<\/p>\n<p><strong>As altera\u00e7\u00f5es a este Acordo<\/strong><br \/>\nReservamo-nos o direito, a nosso exclusivo crit\u00e9rio, modificar ou substituir estes Termos de Servi\u00e7o , publicando os termos atualizados no site. Seu uso continuado do Site ap\u00f3s tais altera\u00e7\u00f5es constitui a sua aceita\u00e7\u00e3o dos novos termos de servi\u00e7o.<\/p>\n<p>Por favor, verifique este Acordo periodicamente. Se voc\u00ea n\u00e3o concordar com qualquer cl\u00e1usula ou quaisquer altera\u00e7\u00f5es a este Acordo , n\u00e3o utilize o Site ou interromper o uso imediatamente<\/p>\n<p><strong>Fale Conosco<\/strong><br \/>\nSe voc\u00ea tem alguma d\u00favida sobre este acordo , por favor, entre em contato conosco via <a href=\"mailto:info@magentainnova.com\">info@magentainnova.com<\/a><\/p>\n","protected":false},"excerpt":{"rendered":"<p>Magenta Innova Termos de Servi\u00e7o ( Contrato &#8220;) Este acordo foi modificada pela \u00faltima vez em 09 de abril de 2014 , conforme alterada. Por favor, leia os Termos de Servi\u00e7o (&#8220;Contrato &#8220;, &#8221; Termos de Servi\u00e7o&#8221;) cuidadosamente antes de &hellip; <a href=\"https:\/\/www.magentainnova.com\/pt\/terminos\/\">Continua<\/a><\/p>\n","protected":false},"author":1,"featured_media":0,"parent":0,"menu_order":50,"comment_status":"open","ping_status":"closed","template":"","meta":{"footnotes":""},"class_list":["post-213","page","type-page","status-publish","hentry"],"_links":{"self":[{"href":"https:\/\/www.magentainnova.com\/pt\/wp-json\/wp\/v2\/pages\/213","targetHints":{"allow":["GET"]}}],"collection":[{"href":"https:\/\/www.magentainnova.com\/pt\/wp-json\/wp\/v2\/pages"}],"about":[{"href":"https:\/\/www.magentainnova.com\/pt\/wp-json\/wp\/v2\/types\/page"}],"author":[{"embeddable":true,"href":"https:\/\/www.magentainnova.com\/pt\/wp-json\/wp\/v2\/users\/1"}],"replies":[{"embeddable":true,"href":"https:\/\/www.magentainnova.com\/pt\/wp-json\/wp\/v2\/comments?post=213"}],"version-history":[{"count":8,"href":"https:\/\/www.magentainnova.com\/pt\/wp-json\/wp\/v2\/pages\/213\/revisions"}],"predecessor-version":[{"id":412,"href":"https:\/\/www.magentainnova.com\/pt\/wp-json\/wp\/v2\/pages\/213\/revisions\/412"}],"wp:attachment":[{"href":"https:\/\/www.magentainnova.com\/pt\/wp-json\/wp\/v2\/media?parent=213"}],"curies":[{"name":"wp","href":"https:\/\/api.w.org\/{rel}","templated":true}]}}