{"id":217,"date":"2012-11-13T14:07:20","date_gmt":"2012-11-13T14:07:20","guid":{"rendered":"http:\/\/192.168.99.88\/mi\/?page_id=217"},"modified":"2014-04-09T15:11:35","modified_gmt":"2014-04-09T18:11:35","slug":"privacidad","status":"publish","type":"page","link":"https:\/\/www.magentainnova.com\/pt\/privacidad\/","title":{"rendered":"Privacidad"},"content":{"rendered":"<p><strong>Que informa\u00e7\u00f5es podem ser coletadas ?<\/strong><\/p>\n<p>N\u00f3s podemos coletar informa\u00e7\u00f5es quando voc\u00ea preencher um formul\u00e1rio .<\/p>\n<p>Quando voc\u00ea se registra em nosso site ou entre em contato , voc\u00ea pode ser solicitado a inserir o seu nome ou e-mail . Voc\u00ea pode, entretanto , visite nosso site de forma an\u00f4nima.<\/p>\n<p><strong>O que usamos as suas informa\u00e7\u00f5es ?<\/strong><\/p>\n<p>Todas as informa\u00e7\u00f5es coletadas podem ser usadas em qualquer uma das seguintes maneiras:<\/p>\n<p>; Para personalizar a sua experi\u00eancia<\/p>\n<p>( Sua informa\u00e7\u00e3o nos ajuda a responder melhor \u00e0s suas necessidades individuais )<\/p>\n<p>; Para melhorar o nosso website<br \/>\n( N\u00f3s nos esfor\u00e7amos continuamente para melhorar as nossas ofertas de sites com base nas informa\u00e7\u00f5es e feedback que recebemos de voc\u00ea)<\/p>\n<p>; Para melhorar o atendimento ao cliente<br \/>\n( Sua informa\u00e7\u00e3o ajuda-nos a responder mais eficazmente \u00e0s suas solicita\u00e7\u00f5es de servi\u00e7o ao cliente e as necessidades de apoio)<\/p>\n<p>; Para enviar periodicamente e-mails<\/p>\n<p>O endere\u00e7o de e-mail que voc\u00ea fornece pode ser usado para enviar-lhe informa\u00e7\u00f5es , responder perguntas, e \/ ou outras solicita\u00e7\u00f5es ou perguntas.<\/p>\n<p><strong>Como protegemos a sua informa\u00e7\u00e3o?<\/strong><\/p>\n<p>Implementamos medidas de seguran\u00e7a para manter a proteger suas informa\u00e7\u00f5es pessoais quando voc\u00ea entrar, enviar, ou acessar suas informa\u00e7\u00f5es pessoais.<\/p>\n<p><strong>N\u00e3o usamos cookies?<\/strong><\/p>\n<p>N\u00e3o, n\u00f3s n\u00e3o usamos cookies. (<a title=\"O que \u00e9 um cookie?\" href=\"http:\/\/pt.wikipedia.org\/wiki\/Cookie\" target=\"_blank\">O que \u00e9 um cookie ?<\/a>)<\/p>\n<p><strong>N\u00e3o compartilhamos informa\u00e7\u00f5es a terceiros?<\/strong><\/p>\n<p>N\u00f3s n\u00e3o vendemos , com\u00e9rcio, ou de outra forma transferir a terceiros as suas informa\u00e7\u00f5es pessoais. Isso n\u00e3o inclui terceiros de confian\u00e7a que nos auxiliam no funcionamento do nosso site, conduzindo nosso neg\u00f3cio, ou servi\u00e7o que voc\u00ea , desde que essas partes concordam em manter esta informa\u00e7\u00e3o confidencial . Podemos tamb\u00e9m divulgar as suas informa\u00e7\u00f5es quando acreditamos que \u00e9 apropriado para cumprir a lei , fazer cumprir as nossas pol\u00edticas do site, ou proteger nosso ou de outros direitos , a propriedade ou a seguran\u00e7a.<\/p>\n<p><strong>Links para outros sites .<\/strong><\/p>\n<p>Ocasionalmente , a nosso crit\u00e9rio , podemos incluir ou oferecer produtos de terceiros ou servi\u00e7os no nosso site. Estes sites de terceiros t\u00eam separada e independente das pol\u00edticas de privacidade. Portanto , n\u00e3o temos nenhuma responsabilidade pelo conte\u00fado e atividades desses sites. No entanto, buscamos proteger a integridade do nosso site e agradecemos qualquer feedback sobre esses sites.<\/p>\n<p><strong>S\u00f3 Pol\u00edtica de Privacidade Online<\/strong><\/p>\n<p>Esta pol\u00edtica de privacidade on-line se aplica somente \u00e0s informa\u00e7\u00f5es coletadas atrav\u00e9s do nosso site e n\u00e3o a informa\u00e7\u00f5es coletadas por outros meios.<\/p>\n<p><strong>Termos e Condi\u00e7\u00f5es<\/strong><\/p>\n<p>Visite tamb\u00e9m os Termos e Condi\u00e7\u00f5es se\u00e7\u00e3o onde o uso, ren\u00fancias e limita\u00e7\u00f5es de responsabilidade que regem o uso de nosso website em <a title=\"Termos e Condi\u00e7\u00f5es\" href=\"https:\/\/www.magentainnova.com\/pt\/terminos\/\" target=\"_blank\">https:\/\/www.magentainnova.com\/pt\/terminos\/<\/a> definidos<\/p>\n<p><strong>Consentimento<\/strong><\/p>\n<p>Ao utilizar nosso site , voc\u00ea concorda com a nossa pol\u00edtica de privacidade do site.<\/p>\n<p><strong>Altera\u00e7\u00f5es \u00e0 nossa Pol\u00edtica de Privacidade<\/strong><\/p>\n<p>Se n\u00f3s decidirmos mudar nossa pol\u00edtica de privacidade, n\u00f3s atualizaremos a data de modifica\u00e7\u00e3o abaixo pol\u00edtica de privacidade.<\/p>\n<p>Esta pol\u00edtica foi modificada pela \u00faltima vez em 9 de abril de 2014.<\/p>\n","protected":false},"excerpt":{"rendered":"<p>Que informa\u00e7\u00f5es podem ser coletadas ? N\u00f3s podemos coletar informa\u00e7\u00f5es quando voc\u00ea preencher um formul\u00e1rio . Quando voc\u00ea se registra em nosso site ou entre em contato , voc\u00ea pode ser solicitado a inserir o seu nome ou e-mail . &hellip; <a href=\"https:\/\/www.magentainnova.com\/pt\/privacidad\/\">Continua<\/a><\/p>\n","protected":false},"author":1,"featured_media":0,"parent":0,"menu_order":30,"comment_status":"open","ping_status":"closed","template":"","meta":{"footnotes":""},"class_list":["post-217","page","type-page","status-publish","hentry"],"_links":{"self":[{"href":"https:\/\/www.magentainnova.com\/pt\/wp-json\/wp\/v2\/pages\/217","targetHints":{"allow":["GET"]}}],"collection":[{"href":"https:\/\/www.magentainnova.com\/pt\/wp-json\/wp\/v2\/pages"}],"about":[{"href":"https:\/\/www.magentainnova.com\/pt\/wp-json\/wp\/v2\/types\/page"}],"author":[{"embeddable":true,"href":"https:\/\/www.magentainnova.com\/pt\/wp-json\/wp\/v2\/users\/1"}],"replies":[{"embeddable":true,"href":"https:\/\/www.magentainnova.com\/pt\/wp-json\/wp\/v2\/comments?post=217"}],"version-history":[{"count":6,"href":"https:\/\/www.magentainnova.com\/pt\/wp-json\/wp\/v2\/pages\/217\/revisions"}],"predecessor-version":[{"id":410,"href":"https:\/\/www.magentainnova.com\/pt\/wp-json\/wp\/v2\/pages\/217\/revisions\/410"}],"wp:attachment":[{"href":"https:\/\/www.magentainnova.com\/pt\/wp-json\/wp\/v2\/media?parent=217"}],"curies":[{"name":"wp","href":"https:\/\/api.w.org\/{rel}","templated":true}]}}