{"id":24,"date":"2012-10-16T15:43:40","date_gmt":"2012-10-16T15:43:40","guid":{"rendered":"http:\/\/localhost\/magentainnova\/?page_id=24"},"modified":"2013-04-16T16:26:24","modified_gmt":"2013-04-16T16:26:24","slug":"portfolio","status":"publish","type":"page","link":"https:\/\/www.magentainnova.com\/pt\/portfolio\/","title":{"rendered":"Portfolio"},"content":{"rendered":"<ul class=\"media-list portfolio\"><li class=\"media\"><a class=\"pull-left img-polaroid\" href=\"https:\/\/www.magentainnova.com\/pt\/portfolio-item\/bbva\/\"><img loading=\"lazy\" decoding=\"async\" width=\"177\" height=\"80\" src=\"https:\/\/www.magentainnova.com\/pt\/files\/bbva_on.png\" class=\"media-object wp-post-image\" alt=\"\"><\/a><div class=\"media-body\"><h4 class=\"media-heading\">BBVA<\/h4><p>No Banco BBVA Uruguay, uma equipe de Magenta Innova encontra-se dedicado aos desenvolvimentos nas plataformas J2EE y .net de BBVA <a href=\"https:\/\/www.magentainnova.com\/pt\/portfolio-item\/bbva\/\">Leia mais...<\/a><\/p><\/div><\/li><li class=\"media\"><a class=\"pull-left img-polaroid\" href=\"https:\/\/www.magentainnova.com\/pt\/portfolio-item\/vsisoft\/\"><img loading=\"lazy\" decoding=\"async\" width=\"177\" height=\"80\" src=\"https:\/\/www.magentainnova.com\/pt\/files\/vsisoft_on1.png\" class=\"media-object wp-post-image\" alt=\"\"><\/a><div class=\"media-body\"><h4 class=\"media-heading\">Venus International Software<\/h4><p>Desde 2011 oferecemos servi\u00e7os de desenvolvimento PHP + Yii, JQuery y JS a Venus International Software, empresa din\u00e2mica e inovadora do mercado estadunidense <a href=\"https:\/\/www.magentainnova.com\/pt\/portfolio-item\/vsisoft\/\">Leia mais...<\/a><\/p><\/div><\/li><li class=\"media\"><a class=\"pull-left img-polaroid\" href=\"https:\/\/www.magentainnova.com\/pt\/portfolio-item\/banco-provincia\/\"><img loading=\"lazy\" decoding=\"async\" width=\"177\" height=\"60\" src=\"https:\/\/www.magentainnova.com\/pt\/files\/provincia_on1.png\" class=\"media-object wp-post-image\" alt=\"\"><\/a><div class=\"media-body\"><h4 class=\"media-heading\">Provincia Casa Financiera<\/h4><p>Desenvolvimos \u00edntegramente para Provincia Casa Financiera- Sucursal do Banco Provincia de Buenos Aires-, o sitio institucional lan\u00e7ado no 2012.\r\n\r\nTamb\u00e9m, fomos selecionados para a implanta\u00e7\u00e3o de nosso produto estrela de Online Banking. <a href=\"https:\/\/www.magentainnova.com\/pt\/portfolio-item\/banco-provincia\/\">Leia mais...<\/a><\/p><\/div><\/li><li class=\"media\"><a class=\"pull-left img-polaroid\" href=\"https:\/\/www.magentainnova.com\/pt\/portfolio-item\/credit-uruguay\/\"><img loading=\"lazy\" decoding=\"async\" width=\"177\" height=\"80\" src=\"https:\/\/www.magentainnova.com\/pt\/files\/credit_on.png\" class=\"media-object wp-post-image\" alt=\"\"><\/a><div class=\"media-body\"><h4 class=\"media-heading\">Credit Uruguay<\/h4><p>Magenta Innova foi durante o per\u00edodo 2006-2011, a empresa encarregada do desenvolvimento, suporte e manuten\u00e7\u00e3o do servi\u00e7o de homebanking <a href=\"https:\/\/www.magentainnova.com\/pt\/portfolio-item\/credit-uruguay\/\">Leia mais...<\/a><\/p><\/div><\/li><li class=\"media\"><a class=\"pull-left img-polaroid\" href=\"https:\/\/www.magentainnova.com\/pt\/portfolio-item\/republica-microfinanzas\/\"><img loading=\"lazy\" decoding=\"async\" width=\"177\" height=\"80\" src=\"https:\/\/www.magentainnova.com\/pt\/files\/rep_on.png\" class=\"media-object wp-post-image\" alt=\"\"><\/a><div class=\"media-body\"><h4 class=\"media-heading\">Rep\u00fablica Microfinanzas<\/h4><p>Desenvolvemos especialmente para Rep\u00fablica Microfinanzas, um portal de backend orientado a facilitar o acesso a empr\u00e9stimos para novos clientes, mediante o canal que oferecem os com\u00e9rcios em geral para arrumar potenciais clientes que requerem financiamento na hora de comprar seus produtos <a href=\"https:\/\/www.magentainnova.com\/pt\/portfolio-item\/republica-microfinanzas\/\">Leia mais...<\/a><\/p><\/div><\/li><li class=\"media\"><a class=\"pull-left img-polaroid\" href=\"https:\/\/www.magentainnova.com\/pt\/portfolio-item\/itau\/\"><img loading=\"lazy\" decoding=\"async\" width=\"177\" height=\"80\" src=\"https:\/\/www.magentainnova.com\/pt\/files\/itau_on.png\" class=\"media-object wp-post-image\" alt=\"\"><\/a><div class=\"media-body\"><h4 class=\"media-heading\">Ita\u00fa<\/h4><p>O departamento comercial de Ita\u00fa confiou na solu\u00e7\u00e3o Magenta Innova para o desenvolvimento de seu sistema para a gest\u00e3o de campanhas comercias <a href=\"https:\/\/www.magentainnova.com\/pt\/portfolio-item\/itau\/\">Leia mais...<\/a><\/p><\/div><\/li><li class=\"media\"><a class=\"pull-left img-polaroid\" href=\"https:\/\/www.magentainnova.com\/pt\/portfolio-item\/conaprole\/\"><img loading=\"lazy\" decoding=\"async\" width=\"177\" height=\"80\" src=\"https:\/\/www.magentainnova.com\/pt\/files\/conaprole_on.png\" class=\"media-object wp-post-image\" alt=\"\"><\/a><div class=\"media-body\"><h4 class=\"media-heading\">Conaprole<\/h4><p>Temos fornecido a Conaprole, a principal cooperativa do pa\u00eds, dum sistema orientado \u00e0 <a href=\"https:\/\/www.magentainnova.com\/pt\/portfolio-item\/conaprole\/\">Leia mais...<\/a><\/p><\/div><\/li><li class=\"media\"><a class=\"pull-left img-polaroid\" href=\"https:\/\/www.magentainnova.com\/pt\/portfolio-item\/bull\/\"><img loading=\"lazy\" decoding=\"async\" width=\"177\" height=\"80\" src=\"https:\/\/www.magentainnova.com\/pt\/files\/bull_on.png\" class=\"media-object wp-post-image\" alt=\"\"><\/a><div class=\"media-body\"><h4 class=\"media-heading\">Bull<\/h4><p>Desde nosso in\u00edcio temos estabelecido um forte v\u00ednculo com Bull Uruguay <a href=\"https:\/\/www.magentainnova.com\/pt\/portfolio-item\/bull\/\">Leia mais...<\/a><\/p><\/div><\/li><li class=\"media\"><a class=\"pull-left img-polaroid\" href=\"https:\/\/www.magentainnova.com\/pt\/portfolio-item\/impress-labs-2\/\"><img loading=\"lazy\" decoding=\"async\" width=\"177\" height=\"80\" src=\"https:\/\/www.magentainnova.com\/pt\/files\/impress_on.png\" class=\"media-object wp-post-image\" alt=\"\"><\/a><div class=\"media-body\"><h4 class=\"media-heading\">Impress Labs<\/h4><p>Temos desenvolvido inumer\u00e1veis portais Wordpress, solucionando sempre de forma elegante e eficiente os desafios planteados em cada projeto, assim como um cumprimento estrito dos cronogramas estabelecidos <a href=\"https:\/\/www.magentainnova.com\/pt\/portfolio-item\/impress-labs-2\/\">Leia mais...<\/a><\/p><\/div><\/li><li class=\"media\"><a class=\"pull-left img-polaroid\" href=\"https:\/\/www.magentainnova.com\/pt\/portfolio-item\/lavinia-interactiva\/\"><img loading=\"lazy\" decoding=\"async\" width=\"177\" height=\"80\" src=\"https:\/\/www.magentainnova.com\/pt\/files\/lavina_on.png\" class=\"media-object wp-post-image\" alt=\"\"><\/a><div class=\"media-body\"><h4 class=\"media-heading\">Lavinia Interactiva<\/h4><p>Durante o 2007 temos estabelecido v\u00ednculos com Lavinia Interactiva, fornecendo-lhe servi\u00e7os de desenvolvimento em variadas plataformas. <a href=\"https:\/\/www.magentainnova.com\/pt\/portfolio-item\/lavinia-interactiva\/\">Leia mais...<\/a><\/p><\/div><\/li><li class=\"media\"><a class=\"pull-left img-polaroid\" href=\"https:\/\/www.magentainnova.com\/pt\/portfolio-item\/cutcsa\/\"><img loading=\"lazy\" decoding=\"async\" width=\"177\" height=\"80\" src=\"https:\/\/www.magentainnova.com\/pt\/files\/cutcsa_on.png\" class=\"media-object wp-post-image\" alt=\"\"><\/a><div class=\"media-body\"><h4 class=\"media-heading\">Cutcsa<\/h4><p>Gra\u00e7as a nossa ampla experi\u00eancia na \u00e1rea de SIG (Sistemas de Informac\u00e3o  Geogr\u00e1ficos), fomos  contratados para potenciar uma aplica\u00e7\u00e3o \u201clegacy\u201d de seguimento de frota da companhia, mediante o desenvolvimento de novas funcionalidades <a href=\"https:\/\/www.magentainnova.com\/pt\/portfolio-item\/cutcsa\/\">Leia mais...<\/a><\/p><\/div><\/li><li class=\"media\"><a class=\"pull-left img-polaroid\" href=\"https:\/\/www.magentainnova.com\/pt\/portfolio-item\/cinemag\/\"><img loading=\"lazy\" decoding=\"async\" width=\"177\" height=\"80\" src=\"https:\/\/www.magentainnova.com\/pt\/files\/cinemag_on1.png\" class=\"media-object wp-post-image\" alt=\"\"><\/a><div class=\"media-body\"><h4 class=\"media-heading\">CINEMag<\/h4><p>Desenvolvemos integramente a vers\u00e3o da Revista CINEMag para iPad, sendo a primeira revista no Uruguai em contar com suporte para estes dispositivos <a href=\"https:\/\/www.magentainnova.com\/pt\/portfolio-item\/cinemag\/\">Leia mais...<\/a><\/p><\/div><\/li><li class=\"media\"><a class=\"pull-left img-polaroid\" href=\"https:\/\/www.magentainnova.com\/pt\/portfolio-item\/robot-media\/\"><img loading=\"lazy\" decoding=\"async\" width=\"177\" height=\"61\" src=\"https:\/\/www.magentainnova.com\/pt\/files\/robot-media_on.png\" class=\"media-object wp-post-image\" alt=\"\"><\/a><div class=\"media-body\"><h4 class=\"media-heading\">ROBOT MEDIA<\/h4><p>Robot Media, empresa l\u00edder no desenvolvimento de aplica\u00e7\u00f5es para m\u00f3veis na Barcelona, tem confiado em Magenta Innova o desenvolvimento de diversos projetos Iphone + iPad <a href=\"https:\/\/www.magentainnova.com\/pt\/portfolio-item\/robot-media\/\">Leia mais...<\/a><\/p><\/div><\/li><li class=\"media\"><a class=\"pull-left img-polaroid\" href=\"https:\/\/www.magentainnova.com\/pt\/portfolio-item\/kreative-work\/\"><img loading=\"lazy\" decoding=\"async\" width=\"177\" height=\"80\" src=\"https:\/\/www.magentainnova.com\/pt\/files\/kreative_on.png\" class=\"media-object wp-post-image\" alt=\"\"><\/a><div class=\"media-body\"><h4 class=\"media-heading\">Kreative Work<\/h4><p>Temos desenvolvido inumer\u00e1veis portais WordPress, solucionando sempre de forma elegante e eficiente os desafios planteados em cada projeto, assim como um cumprimento estrito dos cronogramas estabelecidos <a href=\"https:\/\/www.magentainnova.com\/pt\/portfolio-item\/kreative-work\/\">Leia mais...<\/a><\/p><\/div><\/li><\/ul>\n","protected":false},"excerpt":{"rendered":"","protected":false},"author":1,"featured_media":0,"parent":0,"menu_order":9,"comment_status":"open","ping_status":"closed","template":"","meta":{"footnotes":""},"class_list":["post-24","page","type-page","status-publish","hentry"],"_links":{"self":[{"href":"https:\/\/www.magentainnova.com\/pt\/wp-json\/wp\/v2\/pages\/24","targetHints":{"allow":["GET"]}}],"collection":[{"href":"https:\/\/www.magentainnova.com\/pt\/wp-json\/wp\/v2\/pages"}],"about":[{"href":"https:\/\/www.magentainnova.com\/pt\/wp-json\/wp\/v2\/types\/page"}],"author":[{"embeddable":true,"href":"https:\/\/www.magentainnova.com\/pt\/wp-json\/wp\/v2\/users\/1"}],"replies":[{"embeddable":true,"href":"https:\/\/www.magentainnova.com\/pt\/wp-json\/wp\/v2\/comments?post=24"}],"version-history":[{"count":10,"href":"https:\/\/www.magentainnova.com\/pt\/wp-json\/wp\/v2\/pages\/24\/revisions"}],"predecessor-version":[{"id":239,"href":"https:\/\/www.magentainnova.com\/pt\/wp-json\/wp\/v2\/pages\/24\/revisions\/239"}],"wp:attachment":[{"href":"https:\/\/www.magentainnova.com\/pt\/wp-json\/wp\/v2\/media?parent=24"}],"curies":[{"name":"wp","href":"https:\/\/api.w.org\/{rel}","templated":true}]}}