{"id":99,"date":"2012-10-16T15:46:41","date_gmt":"2012-10-16T15:46:41","guid":{"rendered":"http:\/\/localhost\/magentainnova\/?page_id=99"},"modified":"2013-07-19T09:55:12","modified_gmt":"2013-07-19T12:55:12","slug":"servicios","status":"publish","type":"page","link":"https:\/\/www.magentainnova.com\/pt\/servicios\/","title":{"rendered":"Servi\u00e7os"},"content":{"rendered":"<div class=\"servicios\"><div class=\"row-fluid\"><div class=\"span6\"><h4>M\u00f3viles<\/h4><p>Magenta Innova desenvolveu centenas de aplicativos para iPhone e Android se aproximam um milh\u00e3o de downloads em todo o mundo. <a href=\"https:\/\/www.magentainnova.com\/pt\/servicios-item\/moviles\/\">Leia mais...<\/a><\/p><\/div><div class=\"span6\"><h4>Manuten\u00e7\u00e3o<\/h4><p>Na <b>Magenta Innova<\/b> todos nossos aplicativos contam com um servi\u00e7o de manuten\u00e7\u00e3o, que envolve, n\u00e3o apenas a corre\u00e7\u00e3o de erros e a introdu\u00e7\u00e3o de mudan\u00e7as durante sua utiliza\u00e7\u00e3o, mas tamb\u00e9m a adi\u00e7\u00e3o de novas funcionalidades para melhorar sua utilidade e sua aplicabilidade <a href=\"https:\/\/www.magentainnova.com\/pt\/servicios-item\/mantenimiento\/\">Leia mais...<\/a><\/p><\/div><\/div><div class=\"row-fluid\"><div class=\"span6\"><h4>Desenvolvimento<\/h4><p>Na Magenta Innova usamos uma metodologia que nos permite abordar o processo de desenvolvimento de forma flex\u00edvel. Desse modo, podemos adaptar nossas equipes e nossa forma de trabalho \u00e0s necessidades de nossos clientes <a href=\"https:\/\/www.magentainnova.com\/pt\/servicios-item\/desarrollo\/\">Leia mais...<\/a><\/p><\/div><div class=\"span6\"><h4>Suporte<\/h4><p>Fornecemos uma infra-estrutura de suporte remoto, no hor\u00e1rio estendido das 8 \u00e0s 20 horas (GMT-3), que permite uma assist\u00eancia eficaz e em um prazo m\u00ednimo, com solu\u00e7\u00f5es r\u00e1pidas para n\u00e3o parar seu trabalho. <a href=\"https:\/\/www.magentainnova.com\/pt\/servicios-item\/soporte\/\">Leia mais...<\/a><\/p><\/div><\/div><\/div>\n","protected":false},"excerpt":{"rendered":"","protected":false},"author":1,"featured_media":0,"parent":0,"menu_order":9,"comment_status":"open","ping_status":"closed","template":"","meta":{"footnotes":""},"class_list":["post-99","page","type-page","status-publish","hentry"],"_links":{"self":[{"href":"https:\/\/www.magentainnova.com\/pt\/wp-json\/wp\/v2\/pages\/99","targetHints":{"allow":["GET"]}}],"collection":[{"href":"https:\/\/www.magentainnova.com\/pt\/wp-json\/wp\/v2\/pages"}],"about":[{"href":"https:\/\/www.magentainnova.com\/pt\/wp-json\/wp\/v2\/types\/page"}],"author":[{"embeddable":true,"href":"https:\/\/www.magentainnova.com\/pt\/wp-json\/wp\/v2\/users\/1"}],"replies":[{"embeddable":true,"href":"https:\/\/www.magentainnova.com\/pt\/wp-json\/wp\/v2\/comments?post=99"}],"version-history":[{"count":7,"href":"https:\/\/www.magentainnova.com\/pt\/wp-json\/wp\/v2\/pages\/99\/revisions"}],"predecessor-version":[{"id":390,"href":"https:\/\/www.magentainnova.com\/pt\/wp-json\/wp\/v2\/pages\/99\/revisions\/390"}],"wp:attachment":[{"href":"https:\/\/www.magentainnova.com\/pt\/wp-json\/wp\/v2\/media?parent=99"}],"curies":[{"name":"wp","href":"https:\/\/api.w.org\/{rel}","templated":true}]}}